{"id":3633,"date":"2022-09-29T14:53:26","date_gmt":"2022-09-29T12:53:26","guid":{"rendered":"https:\/\/www.semeo.fr\/contact-us\/"},"modified":"2026-04-29T16:00:28","modified_gmt":"2026-04-29T14:00:28","slug":"contact-us","status":"publish","type":"page","link":"https:\/\/www.semeo.fr\/en\/contact-us\/","title":{"rendered":"Contact us"},"content":{"rendered":"<section id=\"s-block_5dd637af235933feaed5f5834f223f0a\" class=\"s-section s-contact-form alignfull\">\r\n    <div class=\"s-section-inner\">\r\n        <div class=\"container-xl anim-fade-up\" data-scroll>\r\n                            <p class=\"s-subtitle --primary\">CONTACT US<\/p>\r\n                        <h1 class=\"s-title\">Experts at your service<\/h1>\r\n            <p class=\"des\">Are you looking for an emergency or scheduled service? Do you need a fast, flexible and rational solution? Do you want to optimize your operating costs for urban or industrial effluent treatment?  <br \/>\r\n<br \/>\r\nThanks to its mobile treatment units and geographical location, SEMEO can respond within 24 hours to your urgent effluent and sludge treatment requirements without any difficulty.<br \/>\r\n <br \/>\r\nSEMEO experts are at your disposal to discuss and meet all your needs, as quickly as possible, wherever you are in France or abroad. Contact us! <\/p>\r\n            <div class=\"row\">\r\n                <div class=\"col-md-6 offset-md-3\">\r\n                    \n<div class=\"wpcf7 no-js\" id=\"wpcf7-f357-o1\" lang=\"fr-FR\" dir=\"ltr\" data-wpcf7-id=\"357\">\n<div class=\"screen-reader-response\"><p role=\"status\" aria-live=\"polite\" aria-atomic=\"true\"><\/p> <ul><\/ul><\/div>\n<form action=\"\/en\/wp-json\/wp\/v2\/pages\/3633#wpcf7-f357-o1\" method=\"post\" class=\"wpcf7-form init\" aria-label=\"Formulaire de contact\" novalidate=\"novalidate\" data-status=\"init\">\n<fieldset class=\"hidden-fields-container\"><input type=\"hidden\" name=\"_wpcf7\" value=\"357\" \/><input type=\"hidden\" name=\"_wpcf7_version\" value=\"6.1.5\" \/><input type=\"hidden\" name=\"_wpcf7_locale\" value=\"fr_FR\" \/><input type=\"hidden\" name=\"_wpcf7_unit_tag\" value=\"wpcf7-f357-o1\" \/><input type=\"hidden\" name=\"_wpcf7_container_post\" value=\"0\" \/><input type=\"hidden\" name=\"_wpcf7_posted_data_hash\" value=\"\" \/><input type=\"hidden\" name=\"_wpcf7_recaptcha_response\" value=\"\" \/>\n<\/fieldset>\n<div class=\"row\">\n    <div class=\"col-md-6\">\n        <div class=\"form-group\">\n            <label class=\"form-group__label\">Nom <span class=\"required\">*<\/span><\/label>\n            <span class=\"wpcf7-form-control-wrap\" data-name=\"first-name\"><input size=\"40\" maxlength=\"400\" class=\"wpcf7-form-control wpcf7-text wpcf7-validates-as-required form-control\" aria-required=\"true\" aria-invalid=\"false\" value=\"\" type=\"text\" name=\"first-name\" \/><\/span>\n            <span class=\"form-control__text\">Nom<\/span>\n        <\/div>\n    <\/div>\n    <div class=\"col-md-6\">\n        <div class=\"form-group\">\n            <label class=\"form-group__label d-none d-md-block\">&nbsp;<\/label>\n            <span class=\"wpcf7-form-control-wrap\" data-name=\"last-name\"><input size=\"40\" maxlength=\"400\" class=\"wpcf7-form-control wpcf7-text wpcf7-validates-as-required form-control\" aria-required=\"true\" aria-invalid=\"false\" value=\"\" type=\"text\" name=\"last-name\" \/><\/span>\n            <span class=\"form-control__text\">Pr\u00e9nom<\/span>\n        <\/div>\n    <\/div>\n    <div class=\"col-md-6\">\n        <div class=\"form-group\">\n            <label class=\"form-group__label\">Email <span class=\"required\">*<\/span><\/label>\n            <span class=\"wpcf7-form-control-wrap\" data-name=\"email\"><input size=\"40\" maxlength=\"400\" class=\"wpcf7-form-control wpcf7-email wpcf7-validates-as-required wpcf7-text wpcf7-validates-as-email form-control\" aria-required=\"true\" aria-invalid=\"false\" value=\"\" type=\"email\" name=\"email\" \/><\/span>\n        <\/div>\n    <\/div>\n    <div class=\"col-md-6\">\n        <div class=\"form-group\">\n            <label class=\"form-group__label\">T\u00e9l\u00e9phone <span class=\"required\">*<\/span><\/label>\n            <span class=\"wpcf7-form-control-wrap\" data-name=\"phone\"><input size=\"40\" maxlength=\"400\" class=\"wpcf7-form-control wpcf7-tel wpcf7-validates-as-required wpcf7-text wpcf7-validates-as-tel form-control\" aria-required=\"true\" aria-invalid=\"false\" value=\"\" type=\"tel\" name=\"phone\" \/><\/span>\n        <\/div>\n    <\/div>\n    <div class=\"col-md-12\">\n        <div class=\"form-group\">\n            <label class=\"form-group__label\">Soci\u00e9t\u00e9 <span class=\"required\">*<\/span><\/label>\n            <span class=\"wpcf7-form-control-wrap\" data-name=\"company\"><input size=\"40\" maxlength=\"400\" class=\"wpcf7-form-control wpcf7-text wpcf7-validates-as-required form-control\" aria-required=\"true\" aria-invalid=\"false\" value=\"\" type=\"text\" name=\"company\" \/><\/span>\n        <\/div>\n    <\/div>\n    <div class=\"col-md-6\">\n        <div class=\"form-group\">\n            <label class=\"form-group__label\">Code postal <span class=\"required\">*<\/span><\/label>\n            <span class=\"wpcf7-form-control-wrap\" data-name=\"zip-code\"><input size=\"40\" maxlength=\"400\" class=\"wpcf7-form-control wpcf7-text wpcf7-validates-as-required form-control\" aria-required=\"true\" aria-invalid=\"false\" value=\"\" type=\"text\" name=\"zip-code\" \/><\/span>\n        <\/div>\n    <\/div>\n    <div class=\"col-md-6\">\n        <div class=\"form-group\">\n            <label class=\"form-group__label\">Ville <span class=\"required\">*<\/span><\/label>\n            <span class=\"wpcf7-form-control-wrap\" data-name=\"city\"><input size=\"40\" maxlength=\"400\" class=\"wpcf7-form-control wpcf7-text wpcf7-validates-as-required form-control\" aria-required=\"true\" aria-invalid=\"false\" value=\"\" type=\"text\" name=\"city\" \/><\/span>\n        <\/div>\n    <\/div>\n    <div class=\"col-md-12\">\n        <div class=\"form-group\">\n            <label class=\"form-group__label\">Pays <span class=\"required\">*<\/span><\/label>\n            <span class=\"wpcf7-form-control-wrap\" data-name=\"country\"><input size=\"40\" class=\"wpcf7-form-control wpcf7-countrytext wpcf7-validates-as-required wpcf7-text wpcf7-validates-as-countrytext form-control\" aria-required=\"true\" aria-invalid=\"false\" value=\"\" type=\"text\" name=\"country\" \/><\/span>\n        <\/div>\n    <\/div>\n    <div class=\"col-md-12\">\n        <div class=\"form-group\">\n            <label class=\"form-group__label\">Objet<\/label>\n            <span class=\"wpcf7-form-control-wrap\" data-name=\"object\"><input size=\"40\" maxlength=\"400\" class=\"wpcf7-form-control wpcf7-text form-control\" aria-invalid=\"false\" value=\"\" type=\"text\" name=\"object\" \/><\/span>\n        <\/div>\n    <\/div>\n    <div class=\"col-md-12\">\n        <div class=\"form-group\">\n            <label class=\"form-group__label\">Votre demande <span class=\"required\">*<\/span><\/label>\n            <span class=\"wpcf7-form-control-wrap\" data-name=\"message\"><textarea cols=\"40\" rows=\"10\" maxlength=\"2000\" class=\"wpcf7-form-control wpcf7-textarea wpcf7-validates-as-required form-control\" aria-required=\"true\" aria-invalid=\"false\" name=\"message\"><\/textarea><\/span>\n        <\/div>\n    <\/div>\n    <div class=\"col-md-12\">\n        <div class=\"form-group check-box\">\n            <label class=\"form-group__label\">RGPD <span class=\"required\">*<\/span>\n                <input type=\"checkbox\" name=\"rgpd\">\n                <span class=\"wpcf7-form-control-wrap\" data-name=\"rgpd\"><span class=\"wpcf7-form-control wpcf7-acceptance\"><span class=\"wpcf7-list-item\"><input type=\"checkbox\" name=\"rgpd\" value=\"1\" class=\"d-none\" aria-invalid=\"false\" \/><\/span><\/span><\/span>\n                <p class=\"check-box__text\">En cochant cette case, j\u2019accepte que les informations saisies soient exploit\u00e9es dans le cadre de ma demande et de la relation commerciale \u00e9thique et personnalis\u00e9e qui peut en d\u00e9couler.<\/p><span class=\"checkmark\"><\/span>\n            <\/label>\n        <\/div>\n    <\/div>\n<\/div>\n<div class=\"text-center\">\n    <button class=\"btn-default --outline\" type=\"submit\">SOUMETTRE MA DEMANDE<\/button>\n    <input class=\"wpcf7-form-control wpcf7-submit has-spinner d-none\" type=\"submit\" value=\"Envoyer\" \/>\n<\/div><div class=\"wpcf7-response-output\" aria-hidden=\"true\"><\/div>\n<\/form>\n<\/div>\n                <\/div>\r\n            <\/div>\r\n        <\/div>\r\n    <\/div>\r\n<\/section><section id=\"s-block_438b6114e2c04cc1d942dba6dff0e9cb\" class=\"s-section s-address alignfull\">\n    <div class=\"s-section-inner\">\n        <div class=\"wrap-content\">\n            <div class=\"row align-items-center anim-fade-up\" data-scroll>\n                <div class=\"col-md-6\">\n                    <img decoding=\"async\" src=\"https:\/\/www.semeo.fr\/wp-content\/uploads\/2023\/10\/semeomap2023_breal-01-1.png\" alt=\"semeomap2023_breal-01-1.png\">\n                <\/div>\n                                    <div class=\"col-md-6\">\n                                                    <address>\n                                <p class=\"title\">SEMEO<\/p>\n                                <p>La Croix Rouge<br \/>\r\n35370 BREAL sous VITRE<br \/>\r\nFRANCE<\/p>\n                                                                    <a href=\"tel:0243987925\" data-trk-click-tel=\"02 43 98 79 25\"><i class=\"c-icon-phone\"><\/i>02 43 98 79 25<\/a>\n                                                            <\/address>\n                                                    <address>\n                                <p class=\"title\">SOUTH-EAST AGENCY<\/p>\n                                <p>ZAC du Gouret <br \/>\r\n961 rue de la Galandrine <br \/>\r\n38210 Saint Quentin sur Is\u00e8re <br \/>\r\nFRANCE<\/p>\n                                                            <\/address>\n                                            <\/div>\n                            <\/div>\n        <\/div>\n    <\/div>\n<\/section><section id=\"s-block_69e7bcd7d029238f7aec3b41f1fd5e19\" class=\"s-section s-feature alignfull\">\r\n    <div class=\"s-section-inner\">\r\n        <div class=\"container-xl\">\r\n            <div class=\"row list anim-bounce\" data-scroll>\r\n                                    <div class=\"col-md-3 col-6\">\r\n                        <div class=\"item\">\r\n                            <figure class=\"bounce-icon\"><img decoding=\"async\" src=\"https:\/\/www.semeo.fr\/wp-content\/uploads\/2022\/09\/icon-reactivite.svg\" alt=\"icon-reactivite.svg\"><\/figure>\r\n                            <h3>R\u00e9activit\u00e9<\/h3>\r\n                            <p>Des \u00e9quipes disponibles sous 24h<\/p>\r\n                        <\/div>\r\n                    <\/div>\r\n                                    <div class=\"col-md-3 col-6\">\r\n                        <div class=\"item\">\r\n                            <figure class=\"bounce-icon\"><img decoding=\"async\" src=\"https:\/\/www.semeo.fr\/wp-content\/uploads\/2022\/09\/icon-performance.svg\" alt=\"icon-performance.svg\"><\/figure>\r\n                            <h3>Perfomance<\/h3>\r\n                            <p>+2 millions de m3 d\u2019effluents trait\u00e9s <\/p>\r\n                        <\/div>\r\n                    <\/div>\r\n                                    <div class=\"col-md-3 col-6\">\r\n                        <div class=\"item\">\r\n                            <figure class=\"bounce-icon\"><img decoding=\"async\" src=\"https:\/\/www.semeo.fr\/wp-content\/uploads\/2022\/09\/icon-flexibilite.svg\" alt=\"icon-flexibilite.svg\"><\/figure>\r\n                            <h3>Flexibilit\u00e9<\/h3>\r\n                            <p>+50 \u00e9quipements mobiles<\/p>\r\n                        <\/div>\r\n                    <\/div>\r\n                                    <div class=\"col-md-3 col-6\">\r\n                        <div class=\"item\">\r\n                            <figure class=\"bounce-icon\"><img decoding=\"async\" src=\"https:\/\/www.semeo.fr\/wp-content\/uploads\/2023\/03\/diminution_dechets.svg\" alt=\"diminution_dechets.svg\"><\/figure>\r\n                            <h3>Engagement<\/h3>\r\n                            <p>+80% de r\u00e9duction du volume des d\u00e9chets par an<\/p>\r\n                        <\/div>\r\n                    <\/div>\r\n                            <\/div>\r\n        <\/div>\r\n    <\/div>\r\n<\/section>","protected":false},"excerpt":{"rendered":"","protected":false},"author":6,"featured_media":0,"parent":0,"menu_order":0,"comment_status":"closed","ping_status":"closed","template":"","meta":{"_acf_changed":false,"footnotes":""},"class_list":["post-3633","page","type-page","status-publish","hentry"],"acf":[],"yoast_head":"<!-- This site is optimized with the Yoast SEO plugin v27.5 - https:\/\/yoast.com\/product\/yoast-seo-wordpress\/ -->\n<title>Contact us - Semeo<\/title>\n<meta name=\"description\" content=\"Do you need urgent or scheduled wastewater treatment? SEMEO responds within 24 hours with its mobile units and tailored solutions, helping you optimize your costs. Experts available for discussion, anywhere in France and abroad. Contact us now!\" \/>\n<meta name=\"robots\" content=\"index, follow, max-snippet:-1, max-image-preview:large, max-video-preview:-1\" \/>\n<link rel=\"canonical\" href=\"https:\/\/www.semeo.fr\/en\/contact-us\/\" \/>\n<meta property=\"og:locale\" content=\"en_US\" \/>\n<meta property=\"og:type\" content=\"article\" \/>\n<meta property=\"og:title\" content=\"Contact us - Semeo\" \/>\n<meta property=\"og:description\" content=\"Do you need urgent or scheduled wastewater treatment? SEMEO responds within 24 hours with its mobile units and tailored solutions, helping you optimize your costs. Experts available for discussion, anywhere in France and abroad. Contact us now!\" \/>\n<meta property=\"og:url\" content=\"https:\/\/www.semeo.fr\/en\/contact-us\/\" \/>\n<meta property=\"og:site_name\" content=\"Semeo\" \/>\n<meta property=\"article:modified_time\" content=\"2026-04-29T14:00:28+00:00\" \/>\n<meta name=\"twitter:card\" content=\"summary_large_image\" \/>\n<script type=\"application\/ld+json\" class=\"yoast-schema-graph\">{\"@context\":\"https:\\\/\\\/schema.org\",\"@graph\":[{\"@type\":\"WebPage\",\"@id\":\"https:\\\/\\\/www.semeo.fr\\\/en\\\/contact-us\\\/\",\"url\":\"https:\\\/\\\/www.semeo.fr\\\/en\\\/contact-us\\\/\",\"name\":\"Contact us - Semeo\",\"isPartOf\":{\"@id\":\"https:\\\/\\\/www.semeo.fr\\\/en\\\/#website\"},\"datePublished\":\"2022-09-29T12:53:26+00:00\",\"dateModified\":\"2026-04-29T14:00:28+00:00\",\"description\":\"Do you need urgent or scheduled wastewater treatment? SEMEO responds within 24 hours with its mobile units and tailored solutions, helping you optimize your costs. Experts available for discussion, anywhere in France and abroad. Contact us now!\",\"breadcrumb\":{\"@id\":\"https:\\\/\\\/www.semeo.fr\\\/en\\\/contact-us\\\/#breadcrumb\"},\"inLanguage\":\"en-US\",\"potentialAction\":[{\"@type\":\"ReadAction\",\"target\":[\"https:\\\/\\\/www.semeo.fr\\\/en\\\/contact-us\\\/\"]}]},{\"@type\":\"BreadcrumbList\",\"@id\":\"https:\\\/\\\/www.semeo.fr\\\/en\\\/contact-us\\\/#breadcrumb\",\"itemListElement\":[{\"@type\":\"ListItem\",\"position\":1,\"name\":\"Home\",\"item\":\"https:\\\/\\\/www.semeo.fr\\\/en\\\/\"},{\"@type\":\"ListItem\",\"position\":2,\"name\":\"Contact us\"}]},{\"@type\":\"WebSite\",\"@id\":\"https:\\\/\\\/www.semeo.fr\\\/en\\\/#website\",\"url\":\"https:\\\/\\\/www.semeo.fr\\\/en\\\/\",\"name\":\"Semeo\",\"description\":\"Un site utilisant WordPress\",\"publisher\":{\"@id\":\"https:\\\/\\\/www.semeo.fr\\\/en\\\/#organization\"},\"potentialAction\":[{\"@type\":\"SearchAction\",\"target\":{\"@type\":\"EntryPoint\",\"urlTemplate\":\"https:\\\/\\\/www.semeo.fr\\\/en\\\/?s={search_term_string}\"},\"query-input\":{\"@type\":\"PropertyValueSpecification\",\"valueRequired\":true,\"valueName\":\"search_term_string\"}}],\"inLanguage\":\"en-US\"},{\"@type\":\"Organization\",\"@id\":\"https:\\\/\\\/www.semeo.fr\\\/en\\\/#organization\",\"name\":\"Semeo\",\"url\":\"https:\\\/\\\/www.semeo.fr\\\/en\\\/\",\"logo\":{\"@type\":\"ImageObject\",\"inLanguage\":\"en-US\",\"@id\":\"https:\\\/\\\/www.semeo.fr\\\/en\\\/#\\\/schema\\\/logo\\\/image\\\/\",\"url\":\"https:\\\/\\\/www.semeo.fr\\\/wp-content\\\/uploads\\\/2022\\\/09\\\/logo.svg\",\"contentUrl\":\"https:\\\/\\\/www.semeo.fr\\\/wp-content\\\/uploads\\\/2022\\\/09\\\/logo.svg\",\"caption\":\"Semeo\"},\"image\":{\"@id\":\"https:\\\/\\\/www.semeo.fr\\\/en\\\/#\\\/schema\\\/logo\\\/image\\\/\"}}]}<\/script>\n<!-- \/ Yoast SEO plugin. -->","yoast_head_json":{"title":"Contact us - Semeo","description":"Do you need urgent or scheduled wastewater treatment? SEMEO responds within 24 hours with its mobile units and tailored solutions, helping you optimize your costs. Experts available for discussion, anywhere in France and abroad. Contact us now!","robots":{"index":"index","follow":"follow","max-snippet":"max-snippet:-1","max-image-preview":"max-image-preview:large","max-video-preview":"max-video-preview:-1"},"canonical":"https:\/\/www.semeo.fr\/en\/contact-us\/","og_locale":"en_US","og_type":"article","og_title":"Contact us - Semeo","og_description":"Do you need urgent or scheduled wastewater treatment? SEMEO responds within 24 hours with its mobile units and tailored solutions, helping you optimize your costs. Experts available for discussion, anywhere in France and abroad. Contact us now!","og_url":"https:\/\/www.semeo.fr\/en\/contact-us\/","og_site_name":"Semeo","article_modified_time":"2026-04-29T14:00:28+00:00","twitter_card":"summary_large_image","schema":{"@context":"https:\/\/schema.org","@graph":[{"@type":"WebPage","@id":"https:\/\/www.semeo.fr\/en\/contact-us\/","url":"https:\/\/www.semeo.fr\/en\/contact-us\/","name":"Contact us - Semeo","isPartOf":{"@id":"https:\/\/www.semeo.fr\/en\/#website"},"datePublished":"2022-09-29T12:53:26+00:00","dateModified":"2026-04-29T14:00:28+00:00","description":"Do you need urgent or scheduled wastewater treatment? SEMEO responds within 24 hours with its mobile units and tailored solutions, helping you optimize your costs. Experts available for discussion, anywhere in France and abroad. Contact us now!","breadcrumb":{"@id":"https:\/\/www.semeo.fr\/en\/contact-us\/#breadcrumb"},"inLanguage":"en-US","potentialAction":[{"@type":"ReadAction","target":["https:\/\/www.semeo.fr\/en\/contact-us\/"]}]},{"@type":"BreadcrumbList","@id":"https:\/\/www.semeo.fr\/en\/contact-us\/#breadcrumb","itemListElement":[{"@type":"ListItem","position":1,"name":"Home","item":"https:\/\/www.semeo.fr\/en\/"},{"@type":"ListItem","position":2,"name":"Contact us"}]},{"@type":"WebSite","@id":"https:\/\/www.semeo.fr\/en\/#website","url":"https:\/\/www.semeo.fr\/en\/","name":"Semeo","description":"Un site utilisant WordPress","publisher":{"@id":"https:\/\/www.semeo.fr\/en\/#organization"},"potentialAction":[{"@type":"SearchAction","target":{"@type":"EntryPoint","urlTemplate":"https:\/\/www.semeo.fr\/en\/?s={search_term_string}"},"query-input":{"@type":"PropertyValueSpecification","valueRequired":true,"valueName":"search_term_string"}}],"inLanguage":"en-US"},{"@type":"Organization","@id":"https:\/\/www.semeo.fr\/en\/#organization","name":"Semeo","url":"https:\/\/www.semeo.fr\/en\/","logo":{"@type":"ImageObject","inLanguage":"en-US","@id":"https:\/\/www.semeo.fr\/en\/#\/schema\/logo\/image\/","url":"https:\/\/www.semeo.fr\/wp-content\/uploads\/2022\/09\/logo.svg","contentUrl":"https:\/\/www.semeo.fr\/wp-content\/uploads\/2022\/09\/logo.svg","caption":"Semeo"},"image":{"@id":"https:\/\/www.semeo.fr\/en\/#\/schema\/logo\/image\/"}}]}},"_links":{"self":[{"href":"https:\/\/www.semeo.fr\/en\/wp-json\/wp\/v2\/pages\/3633","targetHints":{"allow":["GET"]}}],"collection":[{"href":"https:\/\/www.semeo.fr\/en\/wp-json\/wp\/v2\/pages"}],"about":[{"href":"https:\/\/www.semeo.fr\/en\/wp-json\/wp\/v2\/types\/page"}],"author":[{"embeddable":true,"href":"https:\/\/www.semeo.fr\/en\/wp-json\/wp\/v2\/users\/6"}],"replies":[{"embeddable":true,"href":"https:\/\/www.semeo.fr\/en\/wp-json\/wp\/v2\/comments?post=3633"}],"version-history":[{"count":1,"href":"https:\/\/www.semeo.fr\/en\/wp-json\/wp\/v2\/pages\/3633\/revisions"}],"predecessor-version":[{"id":3634,"href":"https:\/\/www.semeo.fr\/en\/wp-json\/wp\/v2\/pages\/3633\/revisions\/3634"}],"wp:attachment":[{"href":"https:\/\/www.semeo.fr\/en\/wp-json\/wp\/v2\/media?parent=3633"}],"curies":[{"name":"wp","href":"https:\/\/api.w.org\/{rel}","templated":true}]}}